{"id":2213,"date":"2025-06-18T18:52:11","date_gmt":"2025-06-18T18:52:11","guid":{"rendered":"http:\/\/tvkristal.com\/?page_id=2213"},"modified":"2025-06-18T19:02:32","modified_gmt":"2025-06-18T19:02:32","slug":"kontakt","status":"publish","type":"page","link":"http:\/\/tvkristal.com\/?page_id=2213","title":{"rendered":"O NAMA"},"content":{"rendered":"\n<p>KRISTAL TV je moderna, dinami\u010dna i interaktivna medijska platforma namenjena publici sa EX-YU prostora \u0161irom sveta. Od svog osnivanja 1. maja 2019. godine, KRISTAL TV je izrasla u vode\u0107i televizijski kanal u dijaspori, prepoznatljiv po originalnom sadr\u017eaju, sna\u017enoj vezi sa publikom i jasnoj misiji \u2013 da spoji ljude bez obzira na udaljenost.<\/p>\n\n\n\n<p>Simboli\u010dno, emitovanje smo zapo\u010deli 1. maja \u2013 na Me\u0111unarodni dan rada, datum koji simbolizuje jedinstvo, solidarnost i zajedni\u0161tvo. Verujemo da upravo taj duh povezuje ljude bez obzira na razlike u jeziku, veri, naciji ili kulturi. KRISTAL TV nastoji da kroz svoj program bude most me\u0111u ljudima, neguju\u0107i vrednosti me\u0111usobnog razumevanja i po\u0161tovanja.<\/p>\n\n\n\n<p>Na\u0161 program obuhvata raznovrsne \u017eanrove \u2013 od astrologije, zabave, do muzike i kulturnih emisija, uz stalnu interakciju sa gledaocima.<\/p>\n\n\n\n<p>Danas nas mo\u017eete gledati \u0161irom sveta, zahvaljuju\u0107i prisustvu na najve\u0107im kablovskim, OTT, IPTV i satelitskim platformama.<\/p>\n","protected":false},"excerpt":{"rendered":"<p>KRISTAL TV je moderna, dinami\u010dna i interaktivna medijska platforma namenjena publici sa EX-YU prostora \u0161irom sveta. Od svog osnivanja 1. maja 2019. godine, KRISTAL TV je izrasla u vode\u0107i televizijski kanal u dijaspori, prepoznatljiv po originalnom sadr\u017eaju, sna\u017enoj vezi sa publikom i jasnoj misiji \u2013 da spoji ljude bez obzira na udaljenost. Simboli\u010dno, emitovanje smo&#8230;<\/p>\n","protected":false},"author":1,"featured_media":0,"parent":0,"menu_order":0,"comment_status":"closed","ping_status":"closed","template":"","meta":{"footnotes":""},"class_list":["post-2213","page","type-page","status-publish","hentry"],"_links":{"self":[{"href":"http:\/\/tvkristal.com\/index.php?rest_route=\/wp\/v2\/pages\/2213","targetHints":{"allow":["GET"]}}],"collection":[{"href":"http:\/\/tvkristal.com\/index.php?rest_route=\/wp\/v2\/pages"}],"about":[{"href":"http:\/\/tvkristal.com\/index.php?rest_route=\/wp\/v2\/types\/page"}],"author":[{"embeddable":true,"href":"http:\/\/tvkristal.com\/index.php?rest_route=\/wp\/v2\/users\/1"}],"replies":[{"embeddable":true,"href":"http:\/\/tvkristal.com\/index.php?rest_route=%2Fwp%2Fv2%2Fcomments&post=2213"}],"version-history":[{"count":6,"href":"http:\/\/tvkristal.com\/index.php?rest_route=\/wp\/v2\/pages\/2213\/revisions"}],"predecessor-version":[{"id":2221,"href":"http:\/\/tvkristal.com\/index.php?rest_route=\/wp\/v2\/pages\/2213\/revisions\/2221"}],"wp:attachment":[{"href":"http:\/\/tvkristal.com\/index.php?rest_route=%2Fwp%2Fv2%2Fmedia&parent=2213"}],"curies":[{"name":"wp","href":"https:\/\/api.w.org\/{rel}","templated":true}]}}